{"id":18964,"date":"2014-05-24T13:51:08","date_gmt":"2014-05-24T13:51:08","guid":{"rendered":"http:\/\/new.afincat.com\/cookie-policy\/"},"modified":"2024-03-20T11:06:31","modified_gmt":"2024-03-20T09:06:31","slug":"cookie-policy","status":"publish","type":"page","link":"https:\/\/afincat.com\/ca\/cookie-policy\/","title":{"rendered":"Pol\u00edtica de Cookies"},"content":{"rendered":"<p>[vc_row][vc_column][vc_column_text]Benvinguda\/o a la POL\u00cdTICA DE COOKIES de la p\u00e0gina web de l&#8217;entitat AFINCAT 2010 S.L. prove\u00efda de NIF B64203730, on t&#8217;explicarem en un llenguatge clar i senzill totes les q\u00fcestions necess\u00e0ries perqu\u00e8 puguis tenir el control sobre elles sobre la base de les teves decisions personals.<\/p>\n<p><strong>\u00bfQU\u00c8 S\u00d3N LES COOKIES O GALETES INFORM\u00c0TIQUES I PER QU\u00c8 LES UTILITZEM? <\/strong><\/p>\n<p>Una cookie o galeta inform\u00e0tica \u00e9s un petit arxiu d&#8217;informaci\u00f3 que es guarda en el teu ordinador, \u201csmartphone\u201d o tauleta cada vegada que visites la nostra p\u00e0gina web.<\/p>\n<p>En principi, una cookie \u00e9s inofensiva: no cont\u00e9 virus, troians, cucs, etc. que puguin danyar la teva terminal, per\u00f2 s\u00ed que t\u00e9 cert impacte sobre el teu dret a la protecci\u00f3 de les teves dades personals, perqu\u00e8 recull determinada informaci\u00f3 concernent a la teva persona (h\u00e0bits de navegaci\u00f3, identitat, prefer\u00e8ncies, etc.).<\/p>\n<p>\u00c9s per aix\u00f2 que, sobre la base del que s&#8217;estableix en la normativa aplicable (LSSI i normativa vigent de protecci\u00f3 de dades personals), l&#8217;activaci\u00f3 de determinats tipus de cookies necessitar\u00e0 de la teva autoritzaci\u00f3 pr\u00e8via.<\/p>\n<p>Abans d&#8217;aix\u00f2, et donarem alguna informaci\u00f3 addicional que t&#8217;ajudar\u00e0 a una millor presa de decisions sobre aquest tema:<\/p>\n<p>Les cookies poden ser de diversos tipus en funci\u00f3 de la seva finalitat:<\/p>\n<ul>\n<li>Les cookies t\u00e8cniques s\u00f3n necess\u00e0ries perqu\u00e8 la nostra p\u00e0gina web pugui funcionar, no necessiten de la teva autoritzaci\u00f3 i s\u00f3n les \u00faniques que tenim activades per defecte.<\/li>\n<li>La resta de cookies serveixen per a millorar la nostra p\u00e0gina, per personalitzar-la sobre la base de les teves prefer\u00e8ncies, o per a poder mostrar-te publicitat ajustada a les teves cerques, gustos i interessos personals. Pots acceptar totes aquestes cookies prement el bot\u00f3 <strong>ACCEPTAR<\/strong>, rebutjar-les prement el bot\u00f3 <strong>REBUTJAR<\/strong> o configurar-les clicant en l&#8217;apartat <strong>CONFIGURACI\u00d3 DE COOKIES.<\/strong><\/li>\n<li>Algunes cookies s\u00f3n nostres (les denominarem <strong>cookies pr\u00f2pies<\/strong>) i unes altres pertanyen a empreses externes que presten serveis per a la nostra p\u00e0gina web (les denominarem <strong>cookies de tercers<\/strong>: un exemple podrien ser les cookies de prove\u00efdors externs com Google). En aquest sentit, \u00e9s important que s\u00e0pigues que alguns d&#8217;aquests prove\u00efdors externs poden estar situats fora d&#8217;Espanya.<\/li>\n<\/ul>\n<p>&nbsp;<\/p>\n<p>A nivell mundial, no tots els pa\u00efsos tenen un mateix nivell de protecci\u00f3 de dades, existint alguns pa\u00efsos m\u00e9s segurs que uns altres (per exemple, la Uni\u00f3 Europea \u00e9s un entorn segur per a les teves dades). La nostra pol\u00edtica \u00e9s rec\u00f3rrer a prove\u00efdors de confian\u00e7a que, amb independ\u00e8ncia que es trobin o no situats a la Uni\u00f3 Europea, hagin adoptat les garanties adequades per a la protecci\u00f3 de la teva informaci\u00f3 personal. No obstant aix\u00f2, en l&#8217;apartat denominat <strong>QUIN TIPUS DE COOKIES S&#8217;UTILITZEN ACTUALMENT EN LA NOSTRA P\u00c0GINA WEB?, <\/strong>pots consultar les diferents Pol\u00edtiques de privacitat i protecci\u00f3 de dades de cadascun dels referits prove\u00efdors externs, a fi de prendre una decisi\u00f3 conscient sobre l&#8217;activaci\u00f3 o no de les <strong>cookies de tercers<\/strong> que utilitza la nostra p\u00e0gina web.<\/p>\n<ul>\n<li>Finalment, indicar-te que, en funci\u00f3 del termini de temps que romanen actives, les cookies poden ser de dos tipus:<\/li>\n<li><strong>Cookies de sessi\u00f3:<\/strong> expiren autom\u00e0ticament quan acabes la sessi\u00f3 en el teu ordinador, \u201ctel\u00e8fon intel\u00b7ligent\u201d o tauleta. Solen emprar-se per a conservar la informaci\u00f3 necess\u00e0ria mentre se&#8217;t presta un servei en una sola ocasi\u00f3.<\/li>\n<li><strong>Cookies persistents:<\/strong> romanen emmagatzemades en el teu ordinador, \u201ctel\u00e8fon intel\u00b7ligent\u201d o tauleta durant un per\u00edode determinat, que pot variar des d&#8217;uns minuts fins a diversos anys.<\/li>\n<\/ul>\n<p>&nbsp;<\/p>\n<ul>\n<li><strong>QUIN TIPUS DE COOKIES PODEM UTILITZAR EN LA NOSTRA P\u00c0GINA WEB?<\/strong><\/li>\n<\/ul>\n<ul>\n<li><strong>Cookies T\u00e8cniques:<\/strong><\/li>\n<\/ul>\n<p>Les cookies t\u00e8cniques s\u00f3n estrictament necess\u00e0ries perqu\u00e8 la nostra p\u00e0gina web funcioni i puguis navegar per aquesta. Aquest tipus de cookies s\u00f3n les que, per exemple, ens permeten identificar-te, donar-te acc\u00e9s a determinades parts restringides de la p\u00e0gina si fos necessari, o recordar diferents opcions o serveis ja seleccionats per tu, com les teves prefer\u00e8ncies de privacitat. Per aix\u00f2, <strong>estan activades per defecte, no sent necess\u00e0ria la teva autoritzaci\u00f3 sobre aquest tema.<\/strong><\/p>\n<p>A trav\u00e9s de la configuraci\u00f3 del teu navegador, pots bloquejar o alertar de la pres\u00e8ncia d&#8217;aquesta mena de cookies, si b\u00e9 aquest bloqueig afectar\u00e0 el correcte funcionament de les diferents funcionalitats de la nostra p\u00e0gina web.<\/p>\n<ul>\n<li><strong>Cookies d&#8217;An\u00e0lisis:<\/strong><\/li>\n<\/ul>\n<p>Les cookies d&#8217;an\u00e0lisis ens permeten estudiar la navegaci\u00f3 dels usuaris de la nostra p\u00e0gina web en general (per exemple, quines seccions de la p\u00e0gina s\u00f3n les m\u00e9s visitades, quins serveis s&#8217;usen m\u00e9s i si funcionen correctament, etc.).<\/p>\n<p>A partir de la informaci\u00f3 estad\u00edstica sobre la navegaci\u00f3 en la nostra p\u00e0gina web, podem millorar tant el propi funcionament de la p\u00e0gina com els diferents serveis que ofereix. Per tant, aquestes cookies <strong>no tenen una finalitat publicit\u00e0ria<\/strong>, sin\u00f3 que \u00fanicament serveixen perqu\u00e8 la nostra p\u00e0gina web funcioni millor, adaptant-se als nostres usuaris en general. Activant-les contribuir\u00e0s a aquesta millora cont\u00ednua.<\/p>\n<p><strong>Pots activar o desactivar aquestes cookies marcant la casella corresponent,<\/strong> estant desactivades per defecte.<\/p>\n<ul>\n<li><strong>Cookies de Funcionalitat i Personalitzaci\u00f3:<\/strong><\/li>\n<\/ul>\n<p>Les cookies de funcionalitat ens permeten recordar les teves prefer\u00e8ncies, per a personalitzar a la teva mesura determinades caracter\u00edstiques i opcions generals de la nostra p\u00e0gina web, cada vegada que accedeixis a la mateixa (per exemple, l&#8217;idioma en qu\u00e8 se&#8217;t presenta la informaci\u00f3, les seccions marcades com a favorites, el teu tipus de navegador, etc.).<\/p>\n<p>Per tant, aquest tipus de cookies <strong>no tenen una finalitat publicit\u00e0ria<\/strong>, sin\u00f3 que activant-les millorar\u00e0s la funcionalitat de la p\u00e0gina web (per exemple, adaptant-se a la teva mena de navegador) i la personalitzaci\u00f3 de la mateixa sobre la base de les teves prefer\u00e8ncies (per exemple, presentant la informaci\u00f3 en l&#8217;idioma que hagis triat en anteriors ocasions), la qual cosa contribuir\u00e0 a la facilitat, usabilitat i comoditat de la nostra p\u00e0gina durant la teva navegaci\u00f3.<\/p>\n<p><strong>Pots activar o desactivar aquestes cookies marcant la casella corresponent<\/strong>, estant desactivades per defecte.<\/p>\n<ul>\n<li><strong>Cookies de Publicitat:<\/strong><\/li>\n<\/ul>\n<p>Les cookies de publicitat ens permeten la gesti\u00f3 dels espais publicitaris inclosos en la nostra p\u00e0gina web sobre la base de criteris com el contingut mostrat o la freq\u00fc\u00e8ncia en la qual es mostren els anuncis.<\/p>\n<p>Aix\u00ed per exemple, si se t&#8217;ha mostrat diverses vegades un mateix anunci en la nostra p\u00e0gina web, i no has mostrat un inter\u00e8s personal fent clic sobre ell, aquest no tornar\u00e0 a apar\u00e8ixer. En resum, activant aquest tipus de cookies, la publicitat mostrada en la nostra p\u00e0gina web ser\u00e0 m\u00e9s \u00fatil i diversa, i menys repetitiva.<\/p>\n<p><strong>Pots activar o desactivar aquestes cookies marcant la casella corresponent<\/strong>, estant desactivades per defecte.<\/p>\n<ul>\n<li><strong>Cookies de Publicitat Comportamental:<\/strong><\/li>\n<\/ul>\n<p>Les cookies de publicitat comportamental ens permeten obtenir informaci\u00f3 basada en l&#8217;observaci\u00f3 dels teus h\u00e0bits i comportaments de navegaci\u00f3 en la web, a fi de poder mostrar-te continguts publicitaris que s&#8217;ajustin millor als teus gustos i interessos personals.<\/p>\n<p>Perqu\u00e8 ho entenguis de manera molt senzilla, et posarem un exemple fictici: si les teves \u00faltimes cerques en la web estiguessin relacionades amb literatura de suspens, et mostrar\u00edem publicitat sobre llibres de suspens.<\/p>\n<p>Per tant, activant aquest tipus de cookies, la publicitat que et mostrem en la nostra p\u00e0gina web no ser\u00e0 gen\u00e8rica, sin\u00f3 que estar\u00e0 orientada a les teves cerques, gustos i interessos, ajustant-se per tant exclusivament a tu.<\/p>\n<p><strong>Pots activar o desactivar aquestes cookies marcant la casella corresponent<\/strong>, estant desactivades per defecte.<\/p>\n<ul>\n<li><strong>QUIN TIPUS DE COOKIES S&#8217;UTILITZEN ACTUALMENT EN LA NOSTRA P\u00c0GINA WEB?<\/strong><\/li>\n<\/ul>\n<p>A continuaci\u00f3, procedim a informar-te sobre tots els tipus de cookies que actualment s&#8217;utilitzen en la nostra p\u00e0gina web i la finalitat de cadascuna de les mateixes<\/p>\n<table style=\"height: 172px;\" width=\"1143\">\n<tbody>\n<tr>\n<td width=\"130\"><strong>Tipus de cookie<\/strong><\/td>\n<td width=\"139\"><strong>Finalitat<\/strong><\/td>\n<td width=\"149\"><strong>Entitat responsable i enlla\u00e7 a la seva pol\u00edtica de privacitat i protecci\u00f3 de dades <\/strong><\/td>\n<td width=\"149\"><strong>Termini de temps (de sessi\u00f3 \/ persistent)<\/strong><\/td>\n<\/tr>\n<tr>\n<td width=\"130\"><strong> google analytics<\/strong><\/td>\n<td width=\"139\"><strong>Analitica web\u00a0<\/strong><\/td>\n<td width=\"149\"><strong>\u00a0<\/strong><\/td>\n<td width=\"149\"><strong>\u00a0<\/strong><\/td>\n<\/tr>\n<tr>\n<td width=\"130\"><strong>\u00a0<\/strong><\/td>\n<td width=\"139\"><strong>\u00a0<\/strong><\/td>\n<td width=\"149\"><strong>\u00a0<\/strong><\/td>\n<td width=\"149\"><strong>\u00a0<\/strong><strong>\u00a0<\/strong><\/td>\n<\/tr>\n<\/tbody>\n<\/table>\n<ul>\n<li><strong>QU\u00c8 POTS FER AMB LES COOKIES?<\/strong><\/li>\n<\/ul>\n<p>Quan accedeixes per primera vegada a la nostra p\u00e0gina web, se&#8217;t mostra una finestra en la qual t&#8217;informem que les cookies poden ser de diversos tipus:<\/p>\n<ul>\n<li>Les cookies t\u00e8cniques s\u00f3n necess\u00e0ries perqu\u00e8 la nostra p\u00e0gina web pugui funcionar, no necessiten de la teva autoritzaci\u00f3 i s\u00f3n les \u00faniques que tenim activades per defecte.<\/li>\n<li>La resta de cookies serveixen per a millorar la nostra p\u00e0gina, per a personalitzar-la sobre la base de les teves prefer\u00e8ncies, o per a poder mostrar-te publicitat ajustada a les teves cerques, gustos i interessos personals. Pots acceptar totes aquestes cookies prement el bot\u00f3 <strong>ACCEPTAR<\/strong>, rebutjar-les prement el bot\u00f3 <strong>REBUTJAR<\/strong> o configurar-les clicant en l&#8217;apartat <strong>CONFIGURACI\u00d3 DE COOKIES.<\/strong><\/li>\n<\/ul>\n<p>Informar-te tamb\u00e9 que, una vegada que hagis activat qualsevol tipus de cookies, tens la possibilitat de desactivar-les en el moment que desitgis, amb el simple pas de desmarcar la casella corresponent en l&#8217;apartat <strong>CONFIGURACI\u00d3 DE COOKIES<\/strong> de la nostra p\u00e0gina web. Sempre ser\u00e0 tan senzill per a tu activar les nostres cookies pr\u00f2pies com desactivar-les.<\/p>\n<p>Recordar-te aix\u00ed mateix que, a trav\u00e9s de la configuraci\u00f3 del teu navegador, pots bloquejar o alertar de la pres\u00e8ncia de cookies, si b\u00e9 aquest bloqueig pot afectar el correcte funcionament de les diferents funcionalitats de la nostra p\u00e0gina web en el cas de les cookies t\u00e8cniques necess\u00e0ries.<\/p>\n<p>Finalment, indicar-te que, si actives <strong>cookies de tercers<\/strong> (empreses externes que presten serveis per a la nostra p\u00e0gina web) i posteriorment desitges desactivar-les, podr\u00e0s fer-ho de dues formes: usant les eines de desactivaci\u00f3 de cookies del teu navegador o a trav\u00e9s dels propis sistemes habilitats per aquests prove\u00efdors externs.<\/p>\n<p>Perqu\u00e8 et sigui molt m\u00e9s f\u00e0cil, a continuaci\u00f3 et relacionem una s\u00e8rie d&#8217;enlla\u00e7os a les pautes de desactivaci\u00f3 de cookies dels navegadors d&#8217;\u00fas com\u00fa:<\/p>\n<ul>\n<li>Google Chrome.<\/li>\n<li>Mozilla Firefox.<\/li>\n<li>Internet Explorer.<\/li>\n<li>Safari per a IOS (iPhone i iPad).<\/li>\n<li>Google Chrome per a Android.<\/li>\n<li>Google Chrome per a Iphone i Ipad.<\/li>\n<\/ul>\n<p>Aix\u00ed mateix, et relacionem els enlla\u00e7os als sistemes propis habilitats per cadascun dels referits prove\u00efdors externs per a la desactivaci\u00f3 de les seves cookies <strong><em>(Nota: el client ha d&#8217;incloure a continuaci\u00f3 els enlla\u00e7os a les pol\u00edtiques de cookies de tercers presents en la seva p\u00e0gina web, permetent a l&#8217;usuari la seva desactivaci\u00f3 de manera m\u00e9s senzilla):<\/em><\/strong><\/p>\n<ul>\n<li>Enlla\u00e7 prove\u00efdor extern 1.<\/li>\n<li>Enlla\u00e7 prove\u00efdor extern 2.<\/li>\n<\/ul>\n<p><strong>Moltes gr\u00e0cies per la seva col\u00b7laboraci\u00f3 <\/strong>[\/vc_column_text][\/vc_column][\/vc_row]<\/p>\n","protected":false},"excerpt":{"rendered":"<p>[vc_row][vc_column][vc_column_text]Benvinguda\/o a la POL\u00cdTICA DE COOKIES de la p\u00e0gina web de l&#8217;entitat AFINCAT 2010 S.L. prove\u00efda de NIF B64203730, on t&#8217;explicarem en un llenguatge clar i senzill totes les q\u00fcestions necess\u00e0ries perqu\u00e8 puguis tenir el control sobre elles sobre la base de les teves decisions personals. \u00bfQU\u00c8 S\u00d3N LES COOKIES O GALETES INFORM\u00c0TIQUES I PER QU\u00c8 LES UTILITZEM? Una cookie o galeta inform\u00e0tica \u00e9s &#8230;<\/p>\n","protected":false},"author":2,"featured_media":0,"parent":0,"menu_order":0,"comment_status":"closed","ping_status":"closed","template":"terms_conditions.php","meta":{"footnotes":""},"class_list":["post-18964","page","type-page","status-publish","hentry"],"_links":{"self":[{"href":"https:\/\/afincat.com\/ca\/wp-json\/wp\/v2\/pages\/18964","targetHints":{"allow":["GET"]}}],"collection":[{"href":"https:\/\/afincat.com\/ca\/wp-json\/wp\/v2\/pages"}],"about":[{"href":"https:\/\/afincat.com\/ca\/wp-json\/wp\/v2\/types\/page"}],"author":[{"embeddable":true,"href":"https:\/\/afincat.com\/ca\/wp-json\/wp\/v2\/users\/2"}],"replies":[{"embeddable":true,"href":"https:\/\/afincat.com\/ca\/wp-json\/wp\/v2\/comments?post=18964"}],"version-history":[{"count":11,"href":"https:\/\/afincat.com\/ca\/wp-json\/wp\/v2\/pages\/18964\/revisions"}],"predecessor-version":[{"id":29408,"href":"https:\/\/afincat.com\/ca\/wp-json\/wp\/v2\/pages\/18964\/revisions\/29408"}],"wp:attachment":[{"href":"https:\/\/afincat.com\/ca\/wp-json\/wp\/v2\/media?parent=18964"}],"curies":[{"name":"wp","href":"https:\/\/api.w.org\/{rel}","templated":true}]}}