{"id":19152,"date":"2020-11-05T08:13:20","date_gmt":"2020-11-05T06:13:20","guid":{"rendered":"http:\/\/new.afincat.com\/servicios\/"},"modified":"2020-12-23T18:06:50","modified_gmt":"2020-12-23T16:06:50","slug":"serveis","status":"publish","type":"page","link":"https:\/\/afincat.com\/ca\/serveis\/","title":{"rendered":"Serveis"},"content":{"rendered":"<p>[vc_row][vc_column][vc_custom_heading text=&#8221;GESTI\u00d2 EN LA VENDA I COMPRA DE IMMOBLES&#8221; use_theme_fonts=&#8221;yes&#8221;][vc_column_text]<\/p>\n<ul class=\"square\">\n<li>Si desitja vendre un immoble sense preocupar-se dels tr\u00e0mits, nosaltres ens fem c\u00e0rrec de les gestions comercials, d&#8217;assessorament i legals fins al final.<\/li>\n<li>Si per el contrari vost\u00e8 desitja fer-se c\u00e0rrec de la gesti\u00f3 comercial del seu immoble, nosaltres ens fem c\u00e0rrec de l&#8217;assessorament i legalitat.<\/li>\n<li>Si vol comprar un immoble, recolzis en nosaltres. Amb el seu perfil de recerca, nosaltres busquem i negociem per i para vost\u00e8.<\/li>\n<li><\/li>\n<\/ul>\n<p>[\/vc_column_text][\/vc_column][\/vc_row][vc_row][vc_column][vc_custom_heading text=&#8221;ADMINISTRACI\u00d2 DE PATRIMONIS&#8221; use_theme_fonts=&#8221;yes&#8221;][vc_column_text]<\/p>\n<ul class=\"square\">\n<li><b>Gesti\u00f3 de Patrimoni.<\/b><br \/>\nContractes, Revisions, Actualitzacions, Venciments.<br \/>\nTracte amb els llogaters.<br \/>\nCobrament de les rendes i gesti\u00f3 de pagaments.<\/li>\n<li><b>Sanejament patrimonial<\/b><br \/>\nEls assessorem sobre les accions que calen per evitar problemes tant immediats com futurs.<\/li>\n<\/ul>\n<p>[\/vc_column_text][\/vc_column][\/vc_row][vc_row][vc_column][vc_custom_heading text=&#8221;ADMINISTRACI\u00d3 DE COMUNITATS DE PROPIETARIS&#8221; use_theme_fonts=&#8221;yes&#8221;][vc_column_text]<\/p>\n<ul class=\"square\">\n<li>Fem un rigor\u00f3s control econ\u00f2mic i administratiu del pressupost i de les despeses. Realitzem una gesti\u00f3 efica\u00e7 de manteniment preventiu i corrector de la finca i posta al dia del llibre del edifici.\n<ul class=\"disc margin\">\n<li><b>Gesti\u00f3 econ\u00f2mica administrativa.<\/b><br \/>\nConstituci\u00f3 i redacci\u00f3 d&#8217;estatuts de la comunitat.<br \/>\nConfecci\u00f3 de pressupostos i comptes anuals.<br \/>\nControl i gesti\u00f3 de pagaments de subministraments i prove\u00efdors.<br \/>\nElaboraci\u00f3 i enviament de l&#8217;estat de comptes de la comunitat.<br \/>\nCobrament de provisions i control de la morositat.<br \/>\nConvocat\u00f2ria i assistencia a la junta de propietaris i enviament dels acords aprovats als propietaris.<br \/>\nExecuci\u00f3 dels acords aprovats a les juntes.<br \/>\nManteniment de la finca i assessorament en mat\u00e8ria de subvencions.<br \/>\nRepresentaci\u00f3 davant dels organismes.<br \/>\nPlans de viabilitat.<\/li>\n<\/ul>\n<\/li>\n<\/ul>\n<p>[\/vc_column_text][\/vc_column][\/vc_row][vc_row][vc_column][vc_custom_heading text=&#8221;ALTRES SERVEIS&#8221; use_theme_fonts=&#8221;yes&#8221;][vc_column_text]<\/p>\n<ul class=\"square\">\n<li><b>Gesti\u00f3 de Promocions Immobili\u00e0ries<\/b><br \/>\nDes de l&#8217;inici de la compra del solar fins l&#8217;entrega del producte acabat al consumidor final:<\/p>\n<ul class=\"guion\">\n<li>&#8211; Supervisi\u00f3 de la viabilitat de la promoci\u00f3<\/li>\n<li>&#8211; Supervisi\u00f3 del projecte<\/li>\n<li>&#8211; Control del pressupost<\/li>\n<li>&#8211; Venda i lliurament<\/li>\n<li>&#8211; Atenci\u00f3 postvenda<\/li>\n<\/ul>\n<\/li>\n<li class=\"margin\"><b>Assessorament Jur\u00eddic<\/b><\/li>\n<\/ul>\n<p>[\/vc_column_text][\/vc_column][\/vc_row]<\/p>\n","protected":false},"excerpt":{"rendered":"<p>[vc_row][vc_column][vc_custom_heading text=&#8221;GESTI\u00d2 EN LA VENDA I COMPRA DE IMMOBLES&#8221; use_theme_fonts=&#8221;yes&#8221;][vc_column_text] Si desitja vendre un immoble sense preocupar-se dels tr\u00e0mits, nosaltres ens fem c\u00e0rrec de les gestions comercials, d&#8217;assessorament i legals fins al final. Si per el contrari vost\u00e8 desitja fer-se c\u00e0rrec de la gesti\u00f3 comercial del seu immoble, nosaltres ens fem c\u00e0rrec de l&#8217;assessorament i legalitat. Si vol comprar un immoble, recolzis en nosaltres. &#8230;<\/p>\n","protected":false},"author":2,"featured_media":0,"parent":0,"menu_order":0,"comment_status":"closed","ping_status":"closed","template":"","meta":{"footnotes":""},"class_list":["post-19152","page","type-page","status-publish","hentry"],"_links":{"self":[{"href":"https:\/\/afincat.com\/ca\/wp-json\/wp\/v2\/pages\/19152","targetHints":{"allow":["GET"]}}],"collection":[{"href":"https:\/\/afincat.com\/ca\/wp-json\/wp\/v2\/pages"}],"about":[{"href":"https:\/\/afincat.com\/ca\/wp-json\/wp\/v2\/types\/page"}],"author":[{"embeddable":true,"href":"https:\/\/afincat.com\/ca\/wp-json\/wp\/v2\/users\/2"}],"replies":[{"embeddable":true,"href":"https:\/\/afincat.com\/ca\/wp-json\/wp\/v2\/comments?post=19152"}],"version-history":[{"count":8,"href":"https:\/\/afincat.com\/ca\/wp-json\/wp\/v2\/pages\/19152\/revisions"}],"predecessor-version":[{"id":19442,"href":"https:\/\/afincat.com\/ca\/wp-json\/wp\/v2\/pages\/19152\/revisions\/19442"}],"wp:attachment":[{"href":"https:\/\/afincat.com\/ca\/wp-json\/wp\/v2\/media?parent=19152"}],"curies":[{"name":"wp","href":"https:\/\/api.w.org\/{rel}","templated":true}]}}